{"id":1799041,"date":"2025-03-27T19:34:41","date_gmt":"2025-03-27T17:34:41","guid":{"rendered":"https:\/\/liquidmaster.pl\/sonax-profiline-ex-04-06-1l-posrednia-pasta-polerska\/"},"modified":"2026-04-21T07:45:16","modified_gmt":"2026-04-21T05:45:16","slug":"sonax-profiline-ex-04-06-1l-posrednia-pasta-polerska","status":"publish","type":"product","link":"https:\/\/liquidmaster.pl\/en\/sonax-profiline-ex-0406-1l-posrednia-pasta-polerska\/","title":{"rendered":"Sonax ProfiLine EX 04\/06 1L \u2013 intermediate polishing paste"},"content":{"rendered":"<p>SONAX Profiline EX 04-06 \u2013 polishing paste designed for use with orbital polishing machines. It has a special abrasive substance. Gives a perfect, hologram-free shine, optimally removes scratches. Eliminates matting caused by P2000 sandpaper.<\/p>\n<ul>\n<li>Polishing power: 4\/6<\/li>\n<li>Finish: 6\/6<\/li>\n<\/ul>\n<p>Capacity: 1L<\/p>","protected":false},"excerpt":{"rendered":"<p>SONAX Profiline EX 04-06 &#8211; pasta polerska przeznaczona do u\u017cycia z wykorzystaniem orbitalnych maszyn polerskich. Posiada specjaln\u0105 substancj\u0119 \u015bciern\u0105. Nadaje perfekcyjny, pozbawiony hologram\u00f3w po\u0142ysk, optymalnie usuwa zarysowania. Niweluje zmatowienia po papierze \u015bciernym P2000. Si\u0142a polerowania: 4\/6 Wyko\u0144czenie: 6\/6 Pojemno\u015b\u0107: 1 l<\/p>","protected":false},"featured_media":1842436,"comment_status":"open","ping_status":"open","template":"","meta":{"neve_meta_sidebar":"","neve_meta_container":"","neve_meta_enable_content_width":"","neve_meta_content_width":0,"neve_meta_title_alignment":"","neve_meta_author_avatar":"","neve_post_elements_order":"","neve_meta_disable_header":"","neve_meta_disable_footer":"","neve_meta_disable_title":"","_themeisle_gutenberg_block_has_review":false},"product_brand":[],"product_cat":[789,791,748],"product_tag":[363],"class_list":{"0":"post-1799041","1":"product","2":"type-product","3":"status-publish","4":"has-post-thumbnail","6":"product_cat-pasty-polerskie","7":"product_cat-pasty-polishowe","8":"product_cat-polerowanie","9":"product_tag-sonax","11":"first","12":"instock","13":"taxable","14":"shipping-taxable","15":"purchasable","16":"product-type-simple"},"_links":{"self":[{"href":"https:\/\/liquidmaster.pl\/en\/wp-json\/wp\/v2\/product\/1799041","targetHints":{"allow":["GET"]}}],"collection":[{"href":"https:\/\/liquidmaster.pl\/en\/wp-json\/wp\/v2\/product"}],"about":[{"href":"https:\/\/liquidmaster.pl\/en\/wp-json\/wp\/v2\/types\/product"}],"replies":[{"embeddable":true,"href":"https:\/\/liquidmaster.pl\/en\/wp-json\/wp\/v2\/comments?post=1799041"}],"wp:featuredmedia":[{"embeddable":true,"href":"https:\/\/liquidmaster.pl\/en\/wp-json\/wp\/v2\/media\/1842436"}],"wp:attachment":[{"href":"https:\/\/liquidmaster.pl\/en\/wp-json\/wp\/v2\/media?parent=1799041"}],"wp:term":[{"taxonomy":"product_brand","embeddable":true,"href":"https:\/\/liquidmaster.pl\/en\/wp-json\/wp\/v2\/product_brand?post=1799041"},{"taxonomy":"product_cat","embeddable":true,"href":"https:\/\/liquidmaster.pl\/en\/wp-json\/wp\/v2\/product_cat?post=1799041"},{"taxonomy":"product_tag","embeddable":true,"href":"https:\/\/liquidmaster.pl\/en\/wp-json\/wp\/v2\/product_tag?post=1799041"}],"curies":[{"name":"wp","href":"https:\/\/api.w.org\/{rel}","templated":true}]}}