{"id":1799013,"date":"2025-03-27T19:33:17","date_gmt":"2025-03-27T17:33:17","guid":{"rendered":"https:\/\/liquidmaster.pl\/bilt-hamber-auto-clay-regular-200g-srednia-glinka-do-lakieru\/"},"modified":"2026-04-18T04:09:11","modified_gmt":"2026-04-18T02:09:11","slug":"bilt-hamber-auto-clay-regular-200g-srednia-glinka-do-lakieru","status":"publish","type":"product","link":"https:\/\/liquidmaster.pl\/en\/bilt-hamber-auto-clay-regular-200g-twarda-glinka-do-lakieru\/","title":{"rendered":"Bilt Hamber Auto-Clay Regular 200g &#8211; twarda glinka do lakieru"},"content":{"rendered":"<p>Bilt Hamber Auto Clay Regular \u2013 a clay that is perfect for cars with difficult and old deposits and impurities that can be difficult and difficult to remove. An effective clay that is perfect for older cars and will meet difficult expectations.<\/p>\n<p>Detailer&#039;s tip: A product for cleaning paint, windows, lights, wheels and other elements. Before using the clay, wash the car thoroughly and then use lubricant to thoroughly clean the paint of any imperfections.<\/p>\n<p>Usage:<\/p>\n<li>Produktu mo\u017cna u\u017cywa\u0107 do oczyszczania lakieru, szyb, \u015bwiate\u0142, k\u00f3\u0142 i element\u00f3w\u00a0 chromowanych.<\/li>\n<li>Przed u\u017cyciem glinki powierzchnia powinna zosta\u0107 dok\u0142adnie umyta szamponem.<\/li>\n<li>U\u017cywaj\u0105c lubrykantu nawil\u017cy\u0107\u00a0 powierzchni\u0119 lakieru, i przeciera\u0107 glink\u0105 prostymi ruchami, do momentu kiedy poczujemy, \u017ce powierzchnia jest g\u0142adka.<\/li>\n<p>Weight: 200 g<\/p>","protected":false},"excerpt":{"rendered":"<p>Bilt Hamber Auto Clay Regular \u2013 a clay that is perfect for cars with difficult and old deposits and impurities that can be difficult and difficult to remove. An effective clay that is perfect for older cars and will meet difficult expectations. Detailer&#039;s tip: A product for cleaning paint, windows, lights, wheels and other elements. Before\u2026&nbsp;<a href=\"https:\/\/liquidmaster.pl\/en\/bilt-hamber-auto-clay-regular-200g-twarda-glinka-do-lakieru\/\" rel=\"bookmark\">Read More \u00bb<span class=\"screen-reader-text\">Bilt Hamber Auto-Clay Regular 200g &#8211; twarda glinka do lakieru<\/span><\/a><\/p>","protected":false},"featured_media":1842405,"comment_status":"open","ping_status":"open","template":"","meta":{"neve_meta_sidebar":"","neve_meta_container":"","neve_meta_enable_content_width":"","neve_meta_content_width":0,"neve_meta_title_alignment":"","neve_meta_author_avatar":"","neve_post_elements_order":"","neve_meta_disable_header":"","neve_meta_disable_footer":"","neve_meta_disable_title":"","_themeisle_gutenberg_block_has_review":false},"product_brand":[],"product_cat":[743,763,733],"product_tag":[269],"class_list":{"0":"post-1799013","1":"product","2":"type-product","3":"status-publish","4":"has-post-thumbnail","6":"product_cat-dekontaminacja","7":"product_cat-glinki-i-lubrykanty","8":"product_cat-na-zewnatrz","9":"product_tag-bilt-hamber","11":"first","12":"instock","13":"taxable","14":"shipping-taxable","15":"purchasable","16":"product-type-simple"},"_links":{"self":[{"href":"https:\/\/liquidmaster.pl\/en\/wp-json\/wp\/v2\/product\/1799013","targetHints":{"allow":["GET"]}}],"collection":[{"href":"https:\/\/liquidmaster.pl\/en\/wp-json\/wp\/v2\/product"}],"about":[{"href":"https:\/\/liquidmaster.pl\/en\/wp-json\/wp\/v2\/types\/product"}],"replies":[{"embeddable":true,"href":"https:\/\/liquidmaster.pl\/en\/wp-json\/wp\/v2\/comments?post=1799013"}],"wp:featuredmedia":[{"embeddable":true,"href":"https:\/\/liquidmaster.pl\/en\/wp-json\/wp\/v2\/media\/1842405"}],"wp:attachment":[{"href":"https:\/\/liquidmaster.pl\/en\/wp-json\/wp\/v2\/media?parent=1799013"}],"wp:term":[{"taxonomy":"product_brand","embeddable":true,"href":"https:\/\/liquidmaster.pl\/en\/wp-json\/wp\/v2\/product_brand?post=1799013"},{"taxonomy":"product_cat","embeddable":true,"href":"https:\/\/liquidmaster.pl\/en\/wp-json\/wp\/v2\/product_cat?post=1799013"},{"taxonomy":"product_tag","embeddable":true,"href":"https:\/\/liquidmaster.pl\/en\/wp-json\/wp\/v2\/product_tag?post=1799013"}],"curies":[{"name":"wp","href":"https:\/\/api.w.org\/{rel}","templated":true}]}}