{"id":972208,"date":"2024-03-20T19:25:44","date_gmt":"2024-03-20T19:25:44","guid":{"rendered":"https:\/\/liquidmaster.pl\/?page_id=972208"},"modified":"2024-05-18T12:02:20","modified_gmt":"2024-05-18T12:02:20","slug":"szansa-na-znizke","status":"publish","type":"page","link":"https:\/\/liquidmaster.pl\/en\/szansa-na-znizke\/","title":{"rendered":"A chance for a discount"},"content":{"rendered":"\n<h2 id=\"wp-block-themeisle-blocks-advanced-heading-ef8f1fde\" class=\"wp-block-themeisle-blocks-advanced-heading wp-block-themeisle-blocks-advanced-heading-ef8f1fde\">Szansa na zni\u017ck\u0119<\/h2>\n\n\n\n<div class=\"wp-block-columns is-layout-flex wp-container-core-columns-is-layout-9d6595d7 wp-block-columns-is-layout-flex\">\n<div class=\"wp-block-column is-vertically-aligned-center is-layout-flow wp-block-column-is-layout-flow\">\n<div id=\"wp-block-themeisle-blocks-accordion-9ca090f8\" class=\"wp-block-themeisle-blocks-accordion exclusive accordionParent\">\n<details open class=\"wp-block-themeisle-blocks-accordion-item accordion1st\"><summary class=\"wp-block-themeisle-blocks-accordion-item__title\"><div><strong>Jak zagra\u0107?<\/strong><\/div><\/summary><div class=\"wp-block-themeisle-blocks-accordion-item__content\">\n<p>Gra polega na umyciu samochodu naje\u017cdzaj\u0105c oraz poruszaj\u0105c kursorem po obszarze samochodu, jednocze\u015bnie trzymaj\u0105c wci\u015bni\u0119ty lewy przycisk myszy\/touchpada.<\/p>\n<\/div><\/details>\n\n\n\n<details class=\"wp-block-themeisle-blocks-accordion-item\"><summary class=\"wp-block-themeisle-blocks-accordion-item__title\"><div><strong>Jakie jest prawdopodobie\u0144stwo<\/strong> <strong>wygranej?<\/strong><\/div><\/summary><div class=\"wp-block-themeisle-blocks-accordion-item__content\">\n<p><strong>100%<\/strong> na wygranie kuponu rabatowego.<\/p>\n<\/div><\/details>\n\n\n\n<details class=\"wp-block-themeisle-blocks-accordion-item\"><summary class=\"wp-block-themeisle-blocks-accordion-item__title\"><div><strong>Zasady gry<\/strong><\/div><\/summary><div class=\"wp-block-themeisle-blocks-accordion-item__content\">\n<p>-w grze mo\u017ce wzi\u0105\u0107 udzia\u0142 zalogowany u\u017cytkownik raz na tydzie\u0144,<br>-do wygrania jest kupon rabatowy na ca\u0142y koszyk, obni\u017caj\u0105cy koszt produkt\u00f3w zam\u00f3wienia o 2.5% (szczeg\u00f3\u0142owe wytyczne dot. kuponu znajduj\u0105 si\u0119 poni\u017cej).<\/p>\n<\/div><\/details>\n\n\n\n<details class=\"wp-block-themeisle-blocks-accordion-item accordion4th\"><summary class=\"wp-block-themeisle-blocks-accordion-item__title\"><div><strong>Zasady korzystania z kuponu<\/strong><\/div><\/summary><div class=\"wp-block-themeisle-blocks-accordion-item__content\">\n<p>-kupon mo\u017ce by\u0107 u\u017cyty tylko raz,<br>-kuponu nie mo\u017cna \u0142\u0105czy\u0107 z innymi kuponami w jednym zam\u00f3wieniu,<br>-kupon dzia\u0142a tylko dla produkt\u00f3w nie obj\u0119tych promocj\u0105,<br>-kupon jest wa\u017cny przez 24 godziny od momentu wygrania,<br>-kuponu mo\u017ce u\u017cy\u0107 tylko zalogowany u\u017cytkownik, kt\u00f3ry go wygra\u0142.<\/p>\n<\/div><\/details>\n<\/div>\n\n\n\n<p class=\"has-text-align-center has-neve-link-hover-color-color has-text-color has-link-color wp-elements-8525c5ef02163db1a58e3ab574f125c7\"><strong>Pami\u0119taj aby skopiowa\u0107 kupon w przypadku wygranej!<\/strong><br>Nie ma mo\u017cliwo\u015bci odzyskania kodu, gdy opu\u015bcisz t\u0119 stron\u0119.<\/p>\n<\/div>\n\n\n\n<div class=\"wp-block-column is-layout-flow wp-block-column-is-layout-flow\"><p>[scratch-win game=1]<\/p>\n<\/div>\n<\/div>\n","protected":false},"excerpt":{"rendered":"<p>Remember to copy the coupon if you win! It is not possible to recover the code once you leave this page.<\/p>","protected":false},"author":1,"featured_media":0,"parent":0,"menu_order":0,"comment_status":"closed","ping_status":"closed","template":"","meta":{"neve_meta_sidebar":"","neve_meta_container":"","neve_meta_enable_content_width":"","neve_meta_content_width":0,"neve_meta_title_alignment":"","neve_meta_author_avatar":"","neve_post_elements_order":"","neve_meta_disable_header":"","neve_meta_disable_footer":"","neve_meta_disable_title":"on","_themeisle_gutenberg_block_has_review":false,"footnotes":""},"class_list":["post-972208","page","type-page","status-publish","hentry"],"_links":{"self":[{"href":"https:\/\/liquidmaster.pl\/en\/wp-json\/wp\/v2\/pages\/972208","targetHints":{"allow":["GET"]}}],"collection":[{"href":"https:\/\/liquidmaster.pl\/en\/wp-json\/wp\/v2\/pages"}],"about":[{"href":"https:\/\/liquidmaster.pl\/en\/wp-json\/wp\/v2\/types\/page"}],"author":[{"embeddable":true,"href":"https:\/\/liquidmaster.pl\/en\/wp-json\/wp\/v2\/users\/1"}],"replies":[{"embeddable":true,"href":"https:\/\/liquidmaster.pl\/en\/wp-json\/wp\/v2\/comments?post=972208"}],"version-history":[{"count":0,"href":"https:\/\/liquidmaster.pl\/en\/wp-json\/wp\/v2\/pages\/972208\/revisions"}],"wp:attachment":[{"href":"https:\/\/liquidmaster.pl\/en\/wp-json\/wp\/v2\/media?parent=972208"}],"curies":[{"name":"wp","href":"https:\/\/api.w.org\/{rel}","templated":true}]}}